{"id":49,"date":"2020-07-23T20:21:02","date_gmt":"2020-07-23T18:21:02","guid":{"rendered":"http:\/\/voyance-annouchka.fr\/?page_id=49"},"modified":"2024-04-26T11:53:25","modified_gmt":"2024-04-26T09:53:25","slug":"contact","status":"publish","type":"page","link":"https:\/\/voyance-annouchka.fr\/?page_id=49","title":{"rendered":"Contact"},"content":{"rendered":"\n<p class=\"has-medium-font-size\">Vous pouvez rejoindre Annouchka en son bureau sis au N\u00b0 12 Lotissement des 3 Ponts 19170 BUGEAT (Ne pas se garer dans l&rsquo;impasse mais sur la placette du lotissement).<\/p>\n\n\n\n<p style=\"font-size:25px\"><sub><sup>Les consultant-e-s vend\u00e9en-ne-s peuvent me joindre par t\u00e9l\u00e9phone.  J&rsquo;assurerai des consultations en Vend\u00e9e lors de rendez-vous group\u00e9s plusieurs fois par an. Merci pour votre fid\u00e9lit\u00e9.<\/sup><\/sub><\/p>\n\n\n\n<figure class=\"wp-block-image size-large\"><img loading=\"lazy\" decoding=\"async\" width=\"1024\" height=\"768\" src=\"http:\/\/voyance-annouchka.fr\/wp-content\/uploads\/2024\/04\/20221027_172424-1024x768.jpg\" alt=\"\" class=\"wp-image-123\" srcset=\"https:\/\/voyance-annouchka.fr\/wp-content\/uploads\/2024\/04\/20221027_172424-1024x768.jpg 1024w, https:\/\/voyance-annouchka.fr\/wp-content\/uploads\/2024\/04\/20221027_172424-300x225.jpg 300w, https:\/\/voyance-annouchka.fr\/wp-content\/uploads\/2024\/04\/20221027_172424-768x576.jpg 768w, https:\/\/voyance-annouchka.fr\/wp-content\/uploads\/2024\/04\/20221027_172424-1536x1152.jpg 1536w, https:\/\/voyance-annouchka.fr\/wp-content\/uploads\/2024\/04\/20221027_172424-2048x1536.jpg 2048w\" sizes=\"auto, (max-width: 1024px) 100vw, 1024px\" \/><\/figure>\n\n\n\n<p class=\"has-medium-font-size\">Adresse internet : annouchka.b@wanadoo.fr<\/p>\n\n\n\n<p class=\"has-medium-font-size\">T\u00e9l\u00e9phones : 06 78 42 80 45 \/\/ 09 77 48 90 69 \/\/ Merci de ne plus utiliser la ligne 02&#8230;&#8230;<\/p>\n","protected":false},"excerpt":{"rendered":"<p>Vous pouvez rejoindre Annouchka en son bureau sis au N\u00b0 12 Lotissement des 3 Ponts 19170 BUGEAT (Ne pas se garer dans l&rsquo;impasse mais sur la placette du lotissement). Les consultant-e-s vend\u00e9en-ne-s peuvent me joindre par t\u00e9l\u00e9phone. J&rsquo;assurerai des consultations <span class=\"excerpt-dots\">&hellip;<\/span> <a class=\"more-link\" href=\"https:\/\/voyance-annouchka.fr\/?page_id=49\"><span class=\"more-msg\">Lire la suite &rarr;<\/span><\/a><\/p>\n","protected":false},"author":2,"featured_media":0,"parent":0,"menu_order":0,"comment_status":"closed","ping_status":"closed","template":"","meta":{"footnotes":""},"class_list":["post-49","page","type-page","status-publish","hentry"],"_links":{"self":[{"href":"https:\/\/voyance-annouchka.fr\/index.php?rest_route=\/wp\/v2\/pages\/49","targetHints":{"allow":["GET"]}}],"collection":[{"href":"https:\/\/voyance-annouchka.fr\/index.php?rest_route=\/wp\/v2\/pages"}],"about":[{"href":"https:\/\/voyance-annouchka.fr\/index.php?rest_route=\/wp\/v2\/types\/page"}],"author":[{"embeddable":true,"href":"https:\/\/voyance-annouchka.fr\/index.php?rest_route=\/wp\/v2\/users\/2"}],"replies":[{"embeddable":true,"href":"https:\/\/voyance-annouchka.fr\/index.php?rest_route=%2Fwp%2Fv2%2Fcomments&post=49"}],"version-history":[{"count":7,"href":"https:\/\/voyance-annouchka.fr\/index.php?rest_route=\/wp\/v2\/pages\/49\/revisions"}],"predecessor-version":[{"id":126,"href":"https:\/\/voyance-annouchka.fr\/index.php?rest_route=\/wp\/v2\/pages\/49\/revisions\/126"}],"wp:attachment":[{"href":"https:\/\/voyance-annouchka.fr\/index.php?rest_route=%2Fwp%2Fv2%2Fmedia&parent=49"}],"curies":[{"name":"wp","href":"https:\/\/api.w.org\/{rel}","templated":true}]}}